{"id":932,"date":"2023-04-03T11:20:34","date_gmt":"2023-04-03T09:20:34","guid":{"rendered":"https:\/\/www.camping-lafonteclose.com\/de-vendee-eilanden\/"},"modified":"2023-04-03T11:20:34","modified_gmt":"2023-04-03T09:20:34","slug":"de-vendee-eilanden","status":"publish","type":"page","link":"https:\/\/www.camping-lafonteclose.com\/nl\/zee-en-eilandzijde\/de-vendee-eilanden\/","title":{"rendered":"De Vend\u00e9e-eilanden"},"content":{"rendered":"\n<h2 class=\"wp-block-heading has-text-align-center\">De Vend\u00e9e-eilanden Yeu en Noirmoutier<\/h2>\n\n\n\n<h3 class=\"wp-block-heading\">L&#8217;\u00cele d&#8217;Yeu&nbsp;:<\/h3>\n\n\n\n<p>Neem een boot vanuit St Gilles Croix de Vie of Fromentine en ga op avontuur naar een wild en ongerept land op 17 kilometer van het vasteland. Kies uw plaatsen binnen of buiten het schip en geniet van de frisse lucht.<\/p>\n\n\n\n<div class=\"wp-block-columns is-layout-flex wp-container-core-columns-is-layout-28f84493 wp-block-columns-is-layout-flex\">\n<div class=\"wp-block-column is-layout-flow wp-block-column-is-layout-flow\">\n<p>Huur daar een fiets en stap onmiddellijk op om alle hoeken van de 23 km\u00b2 van het eiland te verkennen. Als u dapper bent, kunt u helemaal rond door de fietspaden te nemen die u toegang geven tot paden die alleen voor fietsers en voetgangers toegankelijk zijn.<\/p>\n\n\n\n<p>U kunt ook kiezen voor rust door een mehari te huren of u te laten rondleiden in een treintje of elektrische Tuk-Tuk, zodat het eiland geen geheimen meer voor u heeft.<\/p>\n<\/div>\n\n\n\n<div class=\"wp-block-column is-vertically-aligned-center is-layout-flow wp-block-column-is-layout-flow\">\n<figure class=\"wp-block-image size-large\"><img loading=\"lazy\" decoding=\"async\" width=\"1024\" height=\"683\" src=\"https:\/\/www.camping-lafonteclose.com\/wp-content\/uploads\/2023\/04\/ile-d-yeu-IMG_8319-1024x683.jpg\" alt=\"ile d'yeu  \" class=\"wp-image-129\"><\/figure>\n<\/div>\n<\/div>\n\n\n\n<p>De must-sees op het Ile d&#8217;Yeu&nbsp;:<\/p>\n\n\n\n<ul class=\"wp-block-list\">\n<li>Port Joinville,<\/li>\n\n\n\n<li>De dolmens,<\/li>\n\n\n\n<li>Het Oude Kasteel,<\/li>\n\n\n\n<li>La Pointe du But,<\/li>\n\n\n\n<li>The Trembling Stone,<\/li>\n\n\n\n<li>Het strand van Les Vieilles.<\/li>\n<\/ul>\n\n\n\n<h3 class=\"wp-block-heading\">Het eiland Noirmoutier&nbsp;:<\/h3>\n\n\n\n<p>Bekend als het eiland van de mimosa&#8217;s, zult u versteld staan van de schoonheid van de landschappen.<\/p>\n\n\n\n<p>Om er te komen kunt u de eilandbrug nemen die een prachtig uitzicht biedt op het vasteland, de oceaan en Noirmoutier, of de legendarische passage van de Gois volgen. De laatste verschijnt zodra de zee zich in de verte terugtrekt. Visliefhebbers kunnen hier stoppen om wat schelpdieren te vinden om zonder mate van te genieten. Het is nog beter als je ze zelf vangt.<\/p>\n\n\n\n<div class=\"wp-block-columns is-layout-flex wp-container-core-columns-is-layout-28f84493 wp-block-columns-is-layout-flex\">\n<div class=\"wp-block-column is-layout-flow wp-block-column-is-layout-flow\">\n<p>Ontdek het eiland Noirmoutier, 360\u00b0 zeezicht&nbsp;!<\/p>\n\n\n\n<p>Begin uw escapade met Barb\u00e2tre en zijn ongerepte natuur die uw aandacht zal trekken. Het majestueuze dennenbos en de duinen langs de zandstranden zijn niet te missen.<\/p>\n\n\n\n<p>Verder naar La Gu\u00e9rini\u00e8re en L&#8217;\u00c9pine waar u kunt stoppen bij de oesterhaven van Le Bonhomme met zijn typische vissershutten en de zoutpannen kunt bezoeken.<\/p>\n\n\n\n<p>Eindig met de stad Noirmoutier-en-l&#8217;\u00cele. Slenter door de historische straten van het stadscentrum en ga vervolgens naar de inhammen van het Bois de la Chaise.<\/p>\n<\/div>\n\n\n\n<div class=\"wp-block-column is-vertically-aligned-center is-layout-flow wp-block-column-is-layout-flow\">\n<figure class=\"wp-block-image size-large\"><img loading=\"lazy\" decoding=\"async\" width=\"1024\" height=\"683\" src=\"https:\/\/www.camping-lafonteclose.com\/wp-content\/uploads\/2023\/04\/ile-noirmoutier-bois-de-la-chaize-crique-plage-1024x683.jpg\" alt=\"\" class=\"wp-image-134\"><\/figure>\n<\/div>\n<\/div>\n\n\n\n<p>De must-sees van het eiland Noirmoutier&nbsp;:<\/p>\n\n\n\n<ul class=\"wp-block-list\">\n<li>De Gois-passage,<\/li>\n\n\n\n<li>De oesterhaven,<\/li>\n\n\n\n<li>De kwelders,<\/li>\n\n\n\n<li>Het stadscentrum van Noirmoutier-en-l&#8217;\u00cele,<\/li>\n\n\n\n<li>Het Bois de la Chaise en zijn boom.<\/li>\n<\/ul>\n\n\n<div class=\"wp-block-sev-diaporama alignfull\">\t\t\t<div id=\"sevgallery-1306619929\" class=\"sev-diaporama sev-diaporama-portfolio\">\r\n\t\t\t<div class=\"row\">\r\n\r\n\t\t\t\r\n\t\t\t\t\r\n\t\t\t\t<div class=\"sev-diaporama-portfolio-item col-12 col-sm  col-grow\">\r\n\t\t\t\t\t\t\t\t\t\t<a href=\"https:\/\/www.camping-lafonteclose.com\/wp-content\/uploads\/2023\/04\/ile-d-yeu-cabane-de-plage-vue-mer.jpg\" data-lightbox=\"sevgallery-1306619929\" style=\"background-image: url(https:\/\/www.camping-lafonteclose.com\/wp-content\/uploads\/2023\/04\/ile-d-yeu-cabane-de-plage-vue-mer.jpg)\">\r\n\t\t\t\t\t\t\t\t\t\t\t<img decoding=\"async\" src=\"https:\/\/www.camping-lafonteclose.com\/wp-content\/uploads\/2023\/04\/ile-d-yeu-cabane-de-plage-vue-mer.jpg\" alt=\"ile d&#039;yeu \" loading=\"lazy\">\r\n\t\t\t\t\t\t\t\t\t\t<\/a>\r\n\t\t\t\t\t\t\t\t\t<\/div>\r\n\r\n\t\t\t\t\r\n\t\t\t\t\t\t\t\t\t\t\t\r\n\t\t\t\t\r\n\t\t\t\t<div class=\"sev-diaporama-portfolio-item col-12 col-sm  col-grow\">\r\n\t\t\t\t\t\t\t\t\t\t<a href=\"https:\/\/www.camping-lafonteclose.com\/wp-content\/uploads\/2023\/04\/ile-d-yeu-vue-aerienne-port-joinville-1.jpg\" data-lightbox=\"sevgallery-1306619929\" style=\"background-image: url(https:\/\/www.camping-lafonteclose.com\/wp-content\/uploads\/2023\/04\/ile-d-yeu-vue-aerienne-port-joinville-1.jpg)\">\r\n\t\t\t\t\t\t\t\t\t\t\t<img decoding=\"async\" src=\"https:\/\/www.camping-lafonteclose.com\/wp-content\/uploads\/2023\/04\/ile-d-yeu-vue-aerienne-port-joinville-1.jpg\" alt=\"ile d&#039;yeu vue ciel\" loading=\"lazy\">\r\n\t\t\t\t\t\t\t\t\t\t<\/a>\r\n\t\t\t\t\t\t\t\t\t<\/div>\r\n\r\n\t\t\t\t\r\n\t\t\t\t\t\t\t\t\t\t\t\r\n\t\t\t\t\r\n\t\t\t\t<div class=\"sev-diaporama-portfolio-item col-12 col-sm  col-grow\">\r\n\t\t\t\t\t\t\t\t\t\t<a href=\"https:\/\/www.camping-lafonteclose.com\/wp-content\/uploads\/2023\/04\/ile-d-yeu-IMG_8559.jpg\" data-lightbox=\"sevgallery-1306619929\" style=\"background-image: url(https:\/\/www.camping-lafonteclose.com\/wp-content\/uploads\/2023\/04\/ile-d-yeu-IMG_8559.jpg)\">\r\n\t\t\t\t\t\t\t\t\t\t\t<img decoding=\"async\" src=\"https:\/\/www.camping-lafonteclose.com\/wp-content\/uploads\/2023\/04\/ile-d-yeu-IMG_8559.jpg\" alt=\"ile d&#039;yeu a velo\" loading=\"lazy\">\r\n\t\t\t\t\t\t\t\t\t\t<\/a>\r\n\t\t\t\t\t\t\t\t\t<\/div>\r\n\r\n\t\t\t\t\t\t\t\t\t<div class=\"w-100\"><\/div>\r\n\t\t\t\t\t\t\t\t\t\r\n\t\t\t\t\t\t\t\t\t\t\t\r\n\t\t\t\t\r\n\t\t\t\t<div class=\"sev-diaporama-portfolio-item col-12 col-sm \">\r\n\t\t\t\t\t\t\t\t\t\t<a href=\"https:\/\/www.camping-lafonteclose.com\/wp-content\/uploads\/2023\/04\/chateau-de-noirmoutier-avec-arbre-IMG_9951.jpg\" data-lightbox=\"sevgallery-1306619929\" style=\"background-image: url(https:\/\/www.camping-lafonteclose.com\/wp-content\/uploads\/2023\/04\/chateau-de-noirmoutier-avec-arbre-IMG_9951.jpg)\">\r\n\t\t\t\t\t\t\t\t\t\t\t<img decoding=\"async\" src=\"https:\/\/www.camping-lafonteclose.com\/wp-content\/uploads\/2023\/04\/chateau-de-noirmoutier-avec-arbre-IMG_9951.jpg\" alt=\"noirmoutier \" loading=\"lazy\">\r\n\t\t\t\t\t\t\t\t\t\t<\/a>\r\n\t\t\t\t\t\t\t\t\t<\/div>\r\n\r\n\t\t\t\t\r\n\t\t\t\t\t\t\t\t\t\t\t\r\n\t\t\t\t\r\n\t\t\t\t<div class=\"sev-diaporama-portfolio-item col-12 col-sm \">\r\n\t\t\t\t\t\t\t\t\t\t<a href=\"https:\/\/www.camping-lafonteclose.com\/wp-content\/uploads\/2023\/04\/ile-noirmoutier-bateaux-port.jpg\" data-lightbox=\"sevgallery-1306619929\" style=\"background-image: url(https:\/\/www.camping-lafonteclose.com\/wp-content\/uploads\/2023\/04\/ile-noirmoutier-bateaux-port.jpg)\">\r\n\t\t\t\t\t\t\t\t\t\t\t<img decoding=\"async\" src=\"https:\/\/www.camping-lafonteclose.com\/wp-content\/uploads\/2023\/04\/ile-noirmoutier-bateaux-port.jpg\" alt=\"port noirmoutier\" loading=\"lazy\">\r\n\t\t\t\t\t\t\t\t\t\t<\/a>\r\n\t\t\t\t\t\t\t\t\t<\/div>\r\n\r\n\t\t\t\t\r\n\t\t\t\t\t\t\t\t\t\t\t\r\n\t\t\t\t\r\n\t\t\t\t<div class=\"sev-diaporama-portfolio-item col-12 col-sm \">\r\n\t\t\t\t\t\t\t\t\t\t<a href=\"https:\/\/www.camping-lafonteclose.com\/wp-content\/uploads\/2023\/04\/ile-noirmoutier-bois-de-la-chaize-cabanes-de-plage-dos.jpg\" data-lightbox=\"sevgallery-1306619929\" style=\"background-image: url(https:\/\/www.camping-lafonteclose.com\/wp-content\/uploads\/2023\/04\/ile-noirmoutier-bois-de-la-chaize-cabanes-de-plage-dos.jpg)\">\r\n\t\t\t\t\t\t\t\t\t\t\t<img decoding=\"async\" src=\"https:\/\/www.camping-lafonteclose.com\/wp-content\/uploads\/2023\/04\/ile-noirmoutier-bois-de-la-chaize-cabanes-de-plage-dos.jpg\" alt=\"cabane plage noirmoutier\" loading=\"lazy\">\r\n\t\t\t\t\t\t\t\t\t\t<\/a>\r\n\t\t\t\t\t\t\t\t\t<\/div>\r\n\r\n\t\t\t\t\t\t\t\t\t<div class=\"w-100\"><\/div>\r\n\t\t\t\t\t\t\t\t\t\r\n\t\t\t\t\t\t\t\t\t\t\t\t\t\t<\/div>\r\n\t\t\t<\/div>\r\n\t\t\t<\/div>","protected":false},"excerpt":{"rendered":"<p>De Vend\u00e9e-eilanden Yeu en Noirmoutier L&#8217;\u00cele d&#8217;Yeu&nbsp;: Neem een boot vanuit St Gilles Croix de Vie of Fromentine en ga op avontuur naar een wild en ongerept land op 17 kilometer van het vasteland. Kies uw plaatsen binnen of buiten het schip en geniet van de frisse lucht. Huur daar een fiets en stap onmiddellijk [&hellip;]<\/p>\n","protected":false},"author":1,"featured_media":0,"parent":967,"menu_order":0,"comment_status":"closed","ping_status":"closed","template":"","meta":{"_seopress_robots_primary_cat":"","_seopress_titles_title":"Ga mee naar de eilanden Yeu en Noirmoutier en ontdek deze prachtige eilanden","_seopress_titles_desc":"Maak een dagtocht naar de eilanden van de Vend\u00e9e en ontdek hun wilde flora en fauna.  ","_seopress_robots_index":"","footnotes":""},"class_list":["post-932","page","type-page","status-publish","hentry"],"_links":{"self":[{"href":"https:\/\/www.camping-lafonteclose.com\/nl\/wp-json\/wp\/v2\/pages\/932","targetHints":{"allow":["GET"]}}],"collection":[{"href":"https:\/\/www.camping-lafonteclose.com\/nl\/wp-json\/wp\/v2\/pages"}],"about":[{"href":"https:\/\/www.camping-lafonteclose.com\/nl\/wp-json\/wp\/v2\/types\/page"}],"author":[{"embeddable":true,"href":"https:\/\/www.camping-lafonteclose.com\/nl\/wp-json\/wp\/v2\/users\/1"}],"replies":[{"embeddable":true,"href":"https:\/\/www.camping-lafonteclose.com\/nl\/wp-json\/wp\/v2\/comments?post=932"}],"version-history":[{"count":0,"href":"https:\/\/www.camping-lafonteclose.com\/nl\/wp-json\/wp\/v2\/pages\/932\/revisions"}],"up":[{"embeddable":true,"href":"https:\/\/www.camping-lafonteclose.com\/nl\/wp-json\/wp\/v2\/pages\/967"}],"wp:attachment":[{"href":"https:\/\/www.camping-lafonteclose.com\/nl\/wp-json\/wp\/v2\/media?parent=932"}],"curies":[{"name":"wp","href":"https:\/\/api.w.org\/{rel}","templated":true}]}}